{"id":125,"date":"2026-03-24T23:30:03","date_gmt":"2026-03-24T22:30:03","guid":{"rendered":"https:\/\/marionum.unif.fr\/?page_id=125"},"modified":"2026-03-27T15:26:49","modified_gmt":"2026-03-27T14:26:49","slug":"souscrire-a-marionum","status":"publish","type":"page","link":"https:\/\/marionum.unif.fr\/?page_id=125","title":{"rendered":"Souscrire \u00e0 Marionum"},"content":{"rendered":"\n<p>Adaptez votre abonnement \u00e0 votre organisation gr\u00e2ce \u00e0 un <strong>syst\u00e8me de packs modulables<\/strong>. <br>Ce que comprend 1 pack :<\/p>\n\n\n\n<ul class=\"wp-block-list\">\n<li>1 tranche\/salle de TP<\/li>\n\n\n\n<li>100 licences Apprenant + licences Enseignant illimit\u00e9es<\/li>\n\n\n\n<li>25 postes Apprenant et 2 postes Enseignant en simultan\u00e9<\/li>\n<\/ul>\n\n\n\n<p>Les packs s&rsquo;additionnent et les tranches sont d\u00e9coupables en salles de TP \u00e0 tout moment, selon votre planning de formations.<\/p>\n\n\n\n<p><strong>Tarif : gratuit en 2025, puis 100\u20ac\/pack\/mois<\/strong> (d\u00e9gressif selon le nombre de packs).<br><br>Renseignez vos coordonn\u00e9es et nous vous recontactons rapidement.<br><\/p>\n\n\n\n<div class=\"wp-block-contact-form-7-contact-form-selector\">\n<div class=\"wpcf7 no-js\" id=\"wpcf7-f124-o1\" lang=\"fr-FR\" dir=\"ltr\" data-wpcf7-id=\"124\">\n<div class=\"screen-reader-response\"><p role=\"status\" aria-live=\"polite\" aria-atomic=\"true\"><\/p> <ul><\/ul><\/div>\n<form action=\"\/index.php?rest_route=%2Fwp%2Fv2%2Fpages%2F125#wpcf7-f124-o1\" method=\"post\" class=\"wpcf7-form init\" aria-label=\"Formulaire de contact\" novalidate=\"novalidate\" data-status=\"init\">\n<fieldset class=\"hidden-fields-container\"><input type=\"hidden\" name=\"_wpcf7\" value=\"124\" \/><input type=\"hidden\" name=\"_wpcf7_version\" value=\"6.1.5\" \/><input type=\"hidden\" name=\"_wpcf7_locale\" value=\"fr_FR\" \/><input type=\"hidden\" name=\"_wpcf7_unit_tag\" value=\"wpcf7-f124-o1\" \/><input type=\"hidden\" name=\"_wpcf7_container_post\" value=\"0\" \/><input type=\"hidden\" name=\"_wpcf7_posted_data_hash\" value=\"\" \/>\n<\/fieldset>\n<p><label> Nom d'\u00e9tablissement<br \/>\n<span class=\"wpcf7-form-control-wrap\" data-name=\"etablissement\"><input size=\"40\" maxlength=\"400\" class=\"wpcf7-form-control wpcf7-text wpcf7-validates-as-required\" autocomplete=\"name\" aria-required=\"true\" aria-invalid=\"false\" value=\"\" type=\"text\" name=\"etablissement\" \/><\/span> <\/label>\n<\/p>\n<p><label> E-mail<br \/>\n<span class=\"wpcf7-form-control-wrap\" data-name=\"your-email\"><input size=\"40\" maxlength=\"400\" class=\"wpcf7-form-control wpcf7-email wpcf7-validates-as-required wpcf7-text wpcf7-validates-as-email\" autocomplete=\"email\" aria-required=\"true\" aria-invalid=\"false\" value=\"\" type=\"email\" name=\"your-email\" \/><\/span> <\/label>\n<\/p>\n<p><label> Tel<br \/>\n<span class=\"wpcf7-form-control-wrap\" data-name=\"your-tel\"><input size=\"40\" maxlength=\"400\" class=\"wpcf7-form-control wpcf7-tel wpcf7-text wpcf7-validates-as-tel\" autocomplete=\"tel\" aria-invalid=\"false\" value=\"\" type=\"tel\" name=\"your-tel\" \/><\/span> <\/label>\n<\/p>\n<p><label> Fonction<br \/>\n<span class=\"wpcf7-form-control-wrap\" data-name=\"function\"><input size=\"40\" maxlength=\"400\" class=\"wpcf7-form-control wpcf7-text wpcf7-validates-as-required\" aria-required=\"true\" aria-invalid=\"false\" value=\"\" type=\"text\" name=\"function\" \/><\/span> <\/label><br \/>\n<label> Dates de dispo<br \/>\n<span class=\"wpcf7-form-control-wrap\" data-name=\"datedispo1\"><input class=\"wpcf7-form-control wpcf7-date wpcf7-validates-as-date\" aria-invalid=\"false\" value=\"\" type=\"date\" name=\"datedispo1\" \/><\/span><br \/>\n<span class=\"wpcf7-form-control-wrap\" data-name=\"datedispo2\"><input class=\"wpcf7-form-control wpcf7-date wpcf7-validates-as-date\" aria-invalid=\"false\" value=\"\" type=\"date\" name=\"datedispo2\" \/><\/span><br \/>\n<span class=\"wpcf7-form-control-wrap\" data-name=\"datedispo3\"><input class=\"wpcf7-form-control wpcf7-date wpcf7-validates-as-date\" aria-invalid=\"false\" value=\"\" type=\"date\" name=\"datedispo3\" \/><\/span><br \/>\n<input class=\"wpcf7-form-control wpcf7-submit has-spinner\" type=\"submit\" value=\"Envoyer\" \/><\/label>\n<\/p><div class=\"wpcf7-response-output\" aria-hidden=\"true\"><\/div>\n<\/form>\n<\/div>\n<\/div>\n\n\n\n<p><\/p>\n","protected":false},"excerpt":{"rendered":"<p>Adaptez votre abonnement \u00e0 votre organisation gr\u00e2ce \u00e0 un syst\u00e8me de packs modulables. Ce que comprend 1 pack : Les packs s&rsquo;additionnent et les tranches sont d\u00e9coupables en salles de TP \u00e0 tout moment, selon votre planning de formations. Tarif : gratuit en 2025, puis 100\u20ac\/pack\/mois (d\u00e9gressif selon le nombre de packs). Renseignez vos coordonn\u00e9es [&hellip;]<\/p>\n","protected":false},"author":1,"featured_media":0,"parent":0,"menu_order":0,"comment_status":"closed","ping_status":"closed","template":"","meta":{"footnotes":""},"class_list":["post-125","page","type-page","status-publish","hentry"],"_links":{"self":[{"href":"https:\/\/marionum.unif.fr\/index.php?rest_route=\/wp\/v2\/pages\/125","targetHints":{"allow":["GET"]}}],"collection":[{"href":"https:\/\/marionum.unif.fr\/index.php?rest_route=\/wp\/v2\/pages"}],"about":[{"href":"https:\/\/marionum.unif.fr\/index.php?rest_route=\/wp\/v2\/types\/page"}],"author":[{"embeddable":true,"href":"https:\/\/marionum.unif.fr\/index.php?rest_route=\/wp\/v2\/users\/1"}],"replies":[{"embeddable":true,"href":"https:\/\/marionum.unif.fr\/index.php?rest_route=%2Fwp%2Fv2%2Fcomments&post=125"}],"version-history":[{"count":5,"href":"https:\/\/marionum.unif.fr\/index.php?rest_route=\/wp\/v2\/pages\/125\/revisions"}],"predecessor-version":[{"id":147,"href":"https:\/\/marionum.unif.fr\/index.php?rest_route=\/wp\/v2\/pages\/125\/revisions\/147"}],"wp:attachment":[{"href":"https:\/\/marionum.unif.fr\/index.php?rest_route=%2Fwp%2Fv2%2Fmedia&parent=125"}],"curies":[{"name":"wp","href":"https:\/\/api.w.org\/{rel}","templated":true}]}}